{"id":45524,"date":"2022-07-18T13:05:42","date_gmt":"2022-07-18T11:05:42","guid":{"rendered":"https:\/\/aecsv.com\/?page_id=45524"},"modified":"2024-10-14T12:59:50","modified_gmt":"2024-10-14T10:59:50","slug":"aecsv-home","status":"publish","type":"page","link":"https:\/\/aecsv.com\/de\/","title":{"rendered":"AECSV HOME"},"content":{"rendered":"<section class=\"wpb-content-wrapper\"><p>[vc_row full_width=&#8220;stretch_row_content_no_spaces&#8220; css=&#8220;.vc_custom_1658326893441{margin-top: -10px !important;}&#8220;][vc_column el_class=&#8220;top_page_heading&#8220; css=&#8220;.vc_custom_1681741763176{margin-top: 30px !important;margin-bottom: 10px !important;}&#8220; el_id=&#8220;our_brands&#8220;]<div id=\"ultimate-heading-625169d393772c4b4\" class=\"uvc-heading ult-adjust-bottom-margin ultimate-heading-625169d393772c4b4 uvc-5574 \" data-hspacer=\"no_spacer\"  data-halign=\"center\" style=\"text-align:center\"><div class=\"uvc-heading-spacer no_spacer\" style=\"top\"><\/div><div class=\"uvc-main-heading ult-responsive\"  data-ultimate-target='.uvc-heading.ultimate-heading-625169d393772c4b4 h2'  data-responsive-json-new='{\"font-size\":\"\",\"line-height\":\"\"}' ><h2 style=\"font-weight:normal;\">Unsere Marken<\/h2><\/div><\/div>[\/vc_column][\/vc_row][vc_row full_width=&#8220;stretch_row_content&#8220; el_class=&#8220;top_brand_sec&#8220;][vc_column css=&#8220;.vc_custom_1681741771530{margin-bottom: 30px !important;}&#8220;][vc_row_inner content_placement=&#8220;middle&#8220; el_class=&#8220;top_sp_float&#8220;][vc_column_inner width=&#8220;1\/3&#8243; css=&#8220;.vc_custom_1658735866109{margin-right: 10px !important;}&#8220;][vc_single_image image=&#8220;44689&#8243; img_size=&#8220;medium&#8220; alignment=&#8220;center&#8220; onclick=&#8220;custom_link&#8220; link=&#8220;https:\/\/aecsv.com\/de\/chevrolet-europe\/&#8220;][\/vc_column_inner][vc_column_inner width=&#8220;1\/3&#8243; css=&#8220;.vc_custom_1658735873625{margin-left: 10px !important;}&#8220;][vc_single_image image=&#8220;44883&#8243; img_size=&#8220;full&#8220; alignment=&#8220;center&#8220; onclick=&#8220;custom_link&#8220; link=&#8220;https:\/\/aecsv.com\/de\/gmc-sierra-europe\/&#8220;][\/vc_column_inner][vc_column_inner width=&#8220;1\/3&#8243;][vc_single_image image=&#8220;44779&#8243; img_size=&#8220;full&#8220; alignment=&#8220;center&#8220; onclick=&#8220;custom_link&#8220; link=&#8220;https:\/\/aecsv.com\/de\/cadillac-europe\/&#8220;][\/vc_column_inner][\/vc_row_inner][\/vc_column][\/vc_row][vc_row full_width=&#8220;stretch_row_content_no_spaces&#8220; css=&#8220;.vc_custom_1681906972965{padding-top: 15px !important;padding-bottom: 30px !important;background-color: #eaeaea !important;}&#8220; el_class=&#8220;top_service_sec&#8220;][vc_column css=&#8220;.vc_custom_1687786553591{margin-top: 10px !important;margin-bottom: 50px !important;}&#8220; el_id=&#8220;our_services&#8220; el_class=&#8220;top_page_heading&#8220;][vc_row_inner][vc_column_inner]<div id=\"ultimate-heading-398869d393772c527\" class=\"uvc-heading ult-adjust-bottom-margin ultimate-heading-398869d393772c527 uvc-6286 \" data-hspacer=\"no_spacer\"  data-halign=\"center\" style=\"text-align:center\"><div class=\"uvc-heading-spacer no_spacer\" style=\"top\"><\/div><div class=\"uvc-main-heading ult-responsive\"  data-ultimate-target='.uvc-heading.ultimate-heading-398869d393772c527 h2'  data-responsive-json-new='{\"font-size\":\"\",\"line-height\":\"\"}' ><h2 style=\"font-weight:normal;margin-bottom:30px;\">Unsere Dienstleistungen<\/h2><\/div><\/div>[\/vc_column_inner][\/vc_row_inner][vc_row_inner equal_height=&#8220;yes&#8220; content_placement=&#8220;top&#8220; css=&#8220;.vc_custom_1681906583740{padding-right: 20px !important;padding-left: 20px !important;}&#8220;][vc_column_inner width=&#8220;1\/4&#8243; css=&#8220;.vc_custom_1681907058153{margin-bottom: 30px !important;padding-right: 20px !important;padding-left: 20px !important;}&#8220;][vc_single_image image=&#8220;44905&#8243; img_size=&#8220;full&#8220;][vc_column_text]<\/p>\n<h4><span style=\"color: #000000;\">Import &amp; Vertrieb<\/span><\/h4>\n<p><span style=\"color: #000000;\">Kompletter Service f\u00fcr Import, Versand, Zollabfertigung, Dokumentation und Auslieferung an den H\u00e4ndler &#8211; AECSV begleitet Sie bei jedem Schritt.<\/span>[\/vc_column_text][\/vc_column_inner][vc_column_inner width=&#8220;1\/4&#8243; css=&#8220;.vc_custom_1681907044978{margin-bottom: 30px !important;padding-right: 20px !important;padding-left: 20px !important;}&#8220;][vc_single_image image=&#8220;44904&#8243; img_size=&#8220;full&#8220;][vc_column_text]<\/p>\n<h4>Homologationszentren<\/h4>\n<p>Bei der Einreise nach Europa durchlaufen alle AECSV-Fahrzeuge zun\u00e4chst eine strenge Verarbeitung und \u00dcberpr\u00fcfung in den Homologationszentren der AEC Group in Belgien, wo ein Team von engagierten Experten die Qualit\u00e4t sicherstellt.[\/vc_column_text][\/vc_column_inner][vc_column_inner width=&#8220;1\/4&#8243; css=&#8220;.vc_custom_1681907049303{margin-bottom: 30px !important;padding-right: 20px !important;padding-left: 20px !important;}&#8220;][vc_single_image image=&#8220;44906&#8243; img_size=&#8220;full&#8220;][vc_column_text]<\/p>\n<h4>Volle Konformit\u00e4t mit dem europ\u00e4ischen Stra\u00dfenverkehr<\/h4>\n<p>Bevor sie zum Vertragsh\u00e4ndler kommen, stellt unser Team von Ingenieuren sicher, dass alle AECSV-Fahrzeuge an die Fahr- und Sicherheitsvorschriften der verschiedenen europ\u00e4ischen M\u00e4rkte sowie an die individuellen Spezifikationen angepasst sind.[\/vc_column_text][\/vc_column_inner][vc_column_inner width=&#8220;1\/4&#8243; css=&#8220;.vc_custom_1681907053749{margin-bottom: 30px !important;padding-right: 20px !important;padding-left: 20px !important;}&#8220;][vc_single_image image=&#8220;44907&#8243; img_size=&#8220;full&#8220;][vc_column_text]<\/p>\n<h4>Kundendienst &amp; Wartung<\/h4>\n<p>Jedes AECSV-Fahrzeug ist standardm\u00e4\u00dfig mit einer 36-monatigen Premium-Garantie ausgestattet, so dass Sie f\u00fcr jeden Fall abgesichert sind. Im Falle von Defekten oder Wartungsanfragen steht unser professionelles Servicenetz aus autorisierten H\u00e4ndlern bereit, jedes Problem mit offiziellen Ersatzteilen und Zubeh\u00f6r des Herstellers zu l\u00f6sen.[\/vc_column_text][\/vc_column_inner][\/vc_row_inner][\/vc_column][\/vc_row][vc_row][vc_column]<div id=\"ultimate-heading-31769d393772c57b\" class=\"uvc-heading ult-adjust-bottom-margin ultimate-heading-31769d393772c57b uvc-4033 \" data-hspacer=\"no_spacer\"  data-halign=\"center\" style=\"text-align:center\"><div class=\"uvc-heading-spacer no_spacer\" style=\"top\"><\/div><div class=\"uvc-main-heading ult-responsive\"  data-ultimate-target='.uvc-heading.ultimate-heading-31769d393772c57b h2'  data-responsive-json-new='{\"font-size\":\"\",\"line-height\":\"\"}' ><h2 style=\"font-weight:normal;margin-bottom:30px;\">Unsere Partner<\/h2><\/div><\/div>[vc_column_text css=&#8220;.vc_custom_1681891330210{margin-top: 10px !important;}&#8220;]<\/p>\n<h4 style=\"text-align: center;\">DIE EXTRAMEILE MIT STARKEN BEGLEITERN GEHEN<\/h4>\n<p>[\/vc_column_text][vc_row_inner content_placement=&#8220;bottom&#8220; css=&#8220;.vc_custom_1658141428259{margin-top: 30px !important;}&#8220;][vc_column_inner width=&#8220;1\/5&#8243;][vc_single_image image=&#8220;44695&#8243; img_size=&#8220;full&#8220; alignment=&#8220;center&#8220;][\/vc_column_inner][vc_column_inner width=&#8220;1\/5&#8243;][vc_single_image image=&#8220;44698&#8243; img_size=&#8220;full&#8220; alignment=&#8220;center&#8220;][\/vc_column_inner][vc_column_inner width=&#8220;1\/5&#8243;][vc_single_image image=&#8220;44700&#8243; img_size=&#8220;full&#8220; alignment=&#8220;center&#8220;][\/vc_column_inner][vc_column_inner width=&#8220;1\/5&#8243;][vc_single_image image=&#8220;44701&#8243; img_size=&#8220;full&#8220; alignment=&#8220;center&#8220;][\/vc_column_inner][vc_column_inner width=&#8220;1\/5&#8243;][vc_single_image image=&#8220;45031&#8243; img_size=&#8220;full&#8220; alignment=&#8220;center&#8220;][\/vc_column_inner][\/vc_row_inner][\/vc_column][\/vc_row][vc_row][vc_column][vc_empty_space height=&#8220;100px&#8220;][\/vc_column][\/vc_row]<\/p>\n<\/section>","protected":false},"excerpt":{"rendered":"<p>[vc_row full_width=&#8220;stretch_row_content_no_spaces&#8220; css=&#8220;.vc_custom_1658326893441{margin-top: -10px !important;}&#8220;][vc_column el_class=&#8220;top_page_heading&#8220; css=&#8220;.vc_custom_1681741763176{margin-top: 30px !important;margin-bottom: 10px !important;}&#8220; el_id=&#8220;our_brands&#8220;][\/vc_column][\/vc_row][vc_row full_width=&#8220;stretch_row_content&#8220; el_class=&#8220;top_brand_sec&#8220;][vc_column css=&#8220;.vc_custom_1681741771530{margin-bottom: 30px !important;}&#8220;][vc_row_inner content_placement=&#8220;middle&#8220; el_class=&#8220;top_sp_float&#8220;][vc_column_inner width=&#8220;1\/3&#8243; css=&#8220;.vc_custom_1658735866109{margin-right: 10px !important;}&#8220;][vc_single_image image=&#8220;44689&#8243; img_size=&#8220;medium&#8220; alignment=&#8220;center&#8220; onclick=&#8220;custom_link&#8220; link=&#8220;https:\/\/aecsv.com\/de\/chevrolet-europe\/&#8220;][\/vc_column_inner][vc_column_inner width=&#8220;1\/3&#8243; css=&#8220;.vc_custom_1658735873625{margin-left: 10px !important;}&#8220;][vc_single_image image=&#8220;44883&#8243; img_size=&#8220;full&#8220; alignment=&#8220;center&#8220; onclick=&#8220;custom_link&#8220; link=&#8220;https:\/\/aecsv.com\/de\/gmc-sierra-europe\/&#8220;][\/vc_column_inner][vc_column_inner width=&#8220;1\/3&#8243;][vc_single_image image=&#8220;44779&#8243; img_size=&#8220;full&#8220; alignment=&#8220;center&#8220; onclick=&#8220;custom_link&#8220; link=&#8220;https:\/\/aecsv.com\/de\/cadillac-europe\/&#8220;][\/vc_column_inner][\/vc_row_inner][\/vc_column][\/vc_row][vc_row full_width=&#8220;stretch_row_content_no_spaces&#8220; css=&#8220;.vc_custom_1681906972965{padding-top: 15px !important;padding-bottom: 30px !important;background-color: #eaeaea !important;}&#8220; el_class=&#8220;top_service_sec&#8220;][vc_column css=&#8220;.vc_custom_1687786553591{margin-top: 10px !important;margin-bottom: &hellip;<\/p>\n<p class=\"read-more\"> <a class=\"\" href=\"https:\/\/aecsv.com\/de\/\"> <span class=\"screen-reader-text\">AECSV HOME<\/span> Weiterlesen &raquo;<\/a><\/p>\n","protected":false},"author":5,"featured_media":46385,"parent":0,"menu_order":0,"comment_status":"closed","ping_status":"closed","template":"carousel-banner.php","meta":{"site-sidebar-layout":"default","site-content-layout":"default","ast-global-header-display":"","ast-main-header-display":"","ast-hfb-above-header-display":"","ast-hfb-below-header-display":"","ast-hfb-mobile-header-display":"","site-post-title":"","ast-breadcrumbs-content":"","ast-featured-img":"disabled","footer-sml-layout":"","theme-transparent-header-meta":"default","adv-header-id-meta":"","stick-header-meta":"default","header-above-stick-meta":"","header-main-stick-meta":"","header-below-stick-meta":"","footnotes":"","_wp_rev_ctl_limit":""},"class_list":["post-45524","page","type-page","status-publish","has-post-thumbnail","hentry"],"acf":[],"yoast_head":"<!-- This site is optimized with the Yoast SEO plugin v23.7 - https:\/\/yoast.com\/wordpress\/plugins\/seo\/ -->\n<title>AECSV HOME - AECSV<\/title>\n<meta name=\"robots\" content=\"index, follow, max-snippet:-1, max-image-preview:large, max-video-preview:-1\" \/>\n<link rel=\"canonical\" href=\"https:\/\/aecsv.com\/de\/\" \/>\n<meta property=\"og:locale\" content=\"de_DE\" \/>\n<meta property=\"og:type\" content=\"article\" \/>\n<meta property=\"og:title\" content=\"AECSV HOME - AECSV\" \/>\n<meta property=\"og:description\" content=\"[vc_row full_width=&#8220;stretch_row_content_no_spaces&#8220; css=&#8220;.vc_custom_1658326893441{margin-top: -10px !important;}&#8220;][vc_column el_class=&#8220;top_page_heading&#8220; css=&#8220;.vc_custom_1681741763176{margin-top: 30px !important;margin-bottom: 10px !important;}&#8220; el_id=&#8220;our_brands&#8220;][\/vc_column][\/vc_row][vc_row full_width=&#8220;stretch_row_content&#8220; el_class=&#8220;top_brand_sec&#8220;][vc_column css=&#8220;.vc_custom_1681741771530{margin-bottom: 30px !important;}&#8220;][vc_row_inner content_placement=&#8220;middle&#8220; el_class=&#8220;top_sp_float&#8220;][vc_column_inner width=&#8220;1\/3&#8243; css=&#8220;.vc_custom_1658735866109{margin-right: 10px !important;}&#8220;][vc_single_image image=&#8220;44689&#8243; img_size=&#8220;medium&#8220; alignment=&#8220;center&#8220; onclick=&#8220;custom_link&#8220; link=&#8220;https:\/\/aecsv.com\/de\/chevrolet-europe\/&#8220;][\/vc_column_inner][vc_column_inner width=&#8220;1\/3&#8243; css=&#8220;.vc_custom_1658735873625{margin-left: 10px !important;}&#8220;][vc_single_image image=&#8220;44883&#8243; img_size=&#8220;full&#8220; alignment=&#8220;center&#8220; onclick=&#8220;custom_link&#8220; link=&#8220;https:\/\/aecsv.com\/de\/gmc-sierra-europe\/&#8220;][\/vc_column_inner][vc_column_inner width=&#8220;1\/3&#8243;][vc_single_image image=&#8220;44779&#8243; img_size=&#8220;full&#8220; alignment=&#8220;center&#8220; onclick=&#8220;custom_link&#8220; link=&#8220;https:\/\/aecsv.com\/de\/cadillac-europe\/&#8220;][\/vc_column_inner][\/vc_row_inner][\/vc_column][\/vc_row][vc_row full_width=&#8220;stretch_row_content_no_spaces&#8220; css=&#8220;.vc_custom_1681906972965{padding-top: 15px !important;padding-bottom: 30px !important;background-color: #eaeaea !important;}&#8220; el_class=&#8220;top_service_sec&#8220;][vc_column css=&#8220;.vc_custom_1687786553591{margin-top: 10px !important;margin-bottom: &hellip; AECSV HOME Weiterlesen &raquo;\" \/>\n<meta property=\"og:url\" content=\"https:\/\/aecsv.com\/de\/\" \/>\n<meta property=\"og:site_name\" content=\"AECSV\" \/>\n<meta property=\"article:modified_time\" content=\"2024-10-14T10:59:50+00:00\" \/>\n<meta name=\"twitter:card\" content=\"summary_large_image\" \/>\n<meta name=\"twitter:label1\" content=\"Gesch\u00e4tzte Lesezeit\" \/>\n\t<meta name=\"twitter:data1\" content=\"3\u00a0Minuten\" \/>\n<script type=\"application\/ld+json\" class=\"yoast-schema-graph\">{\"@context\":\"https:\/\/schema.org\",\"@graph\":[{\"@type\":\"WebPage\",\"@id\":\"https:\/\/aecsv.com\/de\/\",\"url\":\"https:\/\/aecsv.com\/de\/\",\"name\":\"AECSV HOME - AECSV\",\"isPartOf\":{\"@id\":\"https:\/\/aecsv.com\/#website\"},\"primaryImageOfPage\":{\"@id\":\"https:\/\/aecsv.com\/de\/#primaryimage\"},\"image\":{\"@id\":\"https:\/\/aecsv.com\/de\/#primaryimage\"},\"thumbnailUrl\":\"https:\/\/aecsv.com\/wp-content\/uploads\/2024\/10\/AEC-Brings-New-Escalade-V-Series-to-Europe_02-scaled.jpg\",\"datePublished\":\"2022-07-18T11:05:42+00:00\",\"dateModified\":\"2024-10-14T10:59:50+00:00\",\"breadcrumb\":{\"@id\":\"https:\/\/aecsv.com\/de\/#breadcrumb\"},\"inLanguage\":\"de\",\"potentialAction\":[{\"@type\":\"ReadAction\",\"target\":[\"https:\/\/aecsv.com\/de\/\"]}]},{\"@type\":\"ImageObject\",\"inLanguage\":\"de\",\"@id\":\"https:\/\/aecsv.com\/de\/#primaryimage\",\"url\":\"https:\/\/aecsv.com\/wp-content\/uploads\/2024\/10\/AEC-Brings-New-Escalade-V-Series-to-Europe_02-scaled.jpg\",\"contentUrl\":\"https:\/\/aecsv.com\/wp-content\/uploads\/2024\/10\/AEC-Brings-New-Escalade-V-Series-to-Europe_02-scaled.jpg\",\"width\":2560,\"height\":1707,\"caption\":\"The 2025 Cadillac Escalade-V \u2014 official European import by AECSV, authorized distributor of General Motors vehicles.\"},{\"@type\":\"BreadcrumbList\",\"@id\":\"https:\/\/aecsv.com\/de\/#breadcrumb\",\"itemListElement\":[{\"@type\":\"ListItem\",\"position\":1,\"name\":\"Home\",\"item\":\"https:\/\/aecsv.com\/de\/\"},{\"@type\":\"ListItem\",\"position\":2,\"name\":\"AECSV HOME\"}]},{\"@type\":\"WebSite\",\"@id\":\"https:\/\/aecsv.com\/#website\",\"url\":\"https:\/\/aecsv.com\/\",\"name\":\"AECSV\",\"description\":\"Official Importer of Chevrolet, GMC and Cadillac Vehicles in Europe\",\"publisher\":{\"@id\":\"https:\/\/aecsv.com\/#organization\"},\"potentialAction\":[{\"@type\":\"SearchAction\",\"target\":{\"@type\":\"EntryPoint\",\"urlTemplate\":\"https:\/\/aecsv.com\/?s={search_term_string}\"},\"query-input\":{\"@type\":\"PropertyValueSpecification\",\"valueRequired\":true,\"valueName\":\"search_term_string\"}}],\"inLanguage\":\"de\"},{\"@type\":\"Organization\",\"@id\":\"https:\/\/aecsv.com\/#organization\",\"name\":\"AECSV\",\"url\":\"https:\/\/aecsv.com\/\",\"logo\":{\"@type\":\"ImageObject\",\"inLanguage\":\"de\",\"@id\":\"https:\/\/aecsv.com\/#\/schema\/logo\/image\/\",\"url\":\"https:\/\/aecsv.com\/wp-content\/uploads\/2022\/07\/aec-sv-logo-cropped.svg\",\"contentUrl\":\"https:\/\/aecsv.com\/wp-content\/uploads\/2022\/07\/aec-sv-logo-cropped.svg\",\"width\":1657,\"height\":716,\"caption\":\"AECSV\"},\"image\":{\"@id\":\"https:\/\/aecsv.com\/#\/schema\/logo\/image\/\"}}]}<\/script>\n<!-- \/ Yoast SEO plugin. -->","yoast_head_json":{"title":"AECSV HOME - AECSV","robots":{"index":"index","follow":"follow","max-snippet":"max-snippet:-1","max-image-preview":"max-image-preview:large","max-video-preview":"max-video-preview:-1"},"canonical":"https:\/\/aecsv.com\/de\/","og_locale":"de_DE","og_type":"article","og_title":"AECSV HOME - AECSV","og_description":"[vc_row full_width=&#8220;stretch_row_content_no_spaces&#8220; css=&#8220;.vc_custom_1658326893441{margin-top: -10px !important;}&#8220;][vc_column el_class=&#8220;top_page_heading&#8220; css=&#8220;.vc_custom_1681741763176{margin-top: 30px !important;margin-bottom: 10px !important;}&#8220; el_id=&#8220;our_brands&#8220;][\/vc_column][\/vc_row][vc_row full_width=&#8220;stretch_row_content&#8220; el_class=&#8220;top_brand_sec&#8220;][vc_column css=&#8220;.vc_custom_1681741771530{margin-bottom: 30px !important;}&#8220;][vc_row_inner content_placement=&#8220;middle&#8220; el_class=&#8220;top_sp_float&#8220;][vc_column_inner width=&#8220;1\/3&#8243; css=&#8220;.vc_custom_1658735866109{margin-right: 10px !important;}&#8220;][vc_single_image image=&#8220;44689&#8243; img_size=&#8220;medium&#8220; alignment=&#8220;center&#8220; onclick=&#8220;custom_link&#8220; link=&#8220;https:\/\/aecsv.com\/de\/chevrolet-europe\/&#8220;][\/vc_column_inner][vc_column_inner width=&#8220;1\/3&#8243; css=&#8220;.vc_custom_1658735873625{margin-left: 10px !important;}&#8220;][vc_single_image image=&#8220;44883&#8243; img_size=&#8220;full&#8220; alignment=&#8220;center&#8220; onclick=&#8220;custom_link&#8220; link=&#8220;https:\/\/aecsv.com\/de\/gmc-sierra-europe\/&#8220;][\/vc_column_inner][vc_column_inner width=&#8220;1\/3&#8243;][vc_single_image image=&#8220;44779&#8243; img_size=&#8220;full&#8220; alignment=&#8220;center&#8220; onclick=&#8220;custom_link&#8220; link=&#8220;https:\/\/aecsv.com\/de\/cadillac-europe\/&#8220;][\/vc_column_inner][\/vc_row_inner][\/vc_column][\/vc_row][vc_row full_width=&#8220;stretch_row_content_no_spaces&#8220; css=&#8220;.vc_custom_1681906972965{padding-top: 15px !important;padding-bottom: 30px !important;background-color: #eaeaea !important;}&#8220; el_class=&#8220;top_service_sec&#8220;][vc_column css=&#8220;.vc_custom_1687786553591{margin-top: 10px !important;margin-bottom: &hellip; AECSV HOME Weiterlesen &raquo;","og_url":"https:\/\/aecsv.com\/de\/","og_site_name":"AECSV","article_modified_time":"2024-10-14T10:59:50+00:00","twitter_card":"summary_large_image","twitter_misc":{"Gesch\u00e4tzte Lesezeit":"3\u00a0Minuten"},"schema":{"@context":"https:\/\/schema.org","@graph":[{"@type":"WebPage","@id":"https:\/\/aecsv.com\/de\/","url":"https:\/\/aecsv.com\/de\/","name":"AECSV HOME - AECSV","isPartOf":{"@id":"https:\/\/aecsv.com\/#website"},"primaryImageOfPage":{"@id":"https:\/\/aecsv.com\/de\/#primaryimage"},"image":{"@id":"https:\/\/aecsv.com\/de\/#primaryimage"},"thumbnailUrl":"https:\/\/aecsv.com\/wp-content\/uploads\/2024\/10\/AEC-Brings-New-Escalade-V-Series-to-Europe_02-scaled.jpg","datePublished":"2022-07-18T11:05:42+00:00","dateModified":"2024-10-14T10:59:50+00:00","breadcrumb":{"@id":"https:\/\/aecsv.com\/de\/#breadcrumb"},"inLanguage":"de","potentialAction":[{"@type":"ReadAction","target":["https:\/\/aecsv.com\/de\/"]}]},{"@type":"ImageObject","inLanguage":"de","@id":"https:\/\/aecsv.com\/de\/#primaryimage","url":"https:\/\/aecsv.com\/wp-content\/uploads\/2024\/10\/AEC-Brings-New-Escalade-V-Series-to-Europe_02-scaled.jpg","contentUrl":"https:\/\/aecsv.com\/wp-content\/uploads\/2024\/10\/AEC-Brings-New-Escalade-V-Series-to-Europe_02-scaled.jpg","width":2560,"height":1707,"caption":"The 2025 Cadillac Escalade-V \u2014 official European import by AECSV, authorized distributor of General Motors vehicles."},{"@type":"BreadcrumbList","@id":"https:\/\/aecsv.com\/de\/#breadcrumb","itemListElement":[{"@type":"ListItem","position":1,"name":"Home","item":"https:\/\/aecsv.com\/de\/"},{"@type":"ListItem","position":2,"name":"AECSV HOME"}]},{"@type":"WebSite","@id":"https:\/\/aecsv.com\/#website","url":"https:\/\/aecsv.com\/","name":"AECSV","description":"Official Importer of Chevrolet, GMC and Cadillac Vehicles in Europe","publisher":{"@id":"https:\/\/aecsv.com\/#organization"},"potentialAction":[{"@type":"SearchAction","target":{"@type":"EntryPoint","urlTemplate":"https:\/\/aecsv.com\/?s={search_term_string}"},"query-input":{"@type":"PropertyValueSpecification","valueRequired":true,"valueName":"search_term_string"}}],"inLanguage":"de"},{"@type":"Organization","@id":"https:\/\/aecsv.com\/#organization","name":"AECSV","url":"https:\/\/aecsv.com\/","logo":{"@type":"ImageObject","inLanguage":"de","@id":"https:\/\/aecsv.com\/#\/schema\/logo\/image\/","url":"https:\/\/aecsv.com\/wp-content\/uploads\/2022\/07\/aec-sv-logo-cropped.svg","contentUrl":"https:\/\/aecsv.com\/wp-content\/uploads\/2022\/07\/aec-sv-logo-cropped.svg","width":1657,"height":716,"caption":"AECSV"},"image":{"@id":"https:\/\/aecsv.com\/#\/schema\/logo\/image\/"}}]}},"_links":{"self":[{"href":"https:\/\/aecsv.com\/de\/wp-json\/wp\/v2\/pages\/45524","targetHints":{"allow":["GET"]}}],"collection":[{"href":"https:\/\/aecsv.com\/de\/wp-json\/wp\/v2\/pages"}],"about":[{"href":"https:\/\/aecsv.com\/de\/wp-json\/wp\/v2\/types\/page"}],"author":[{"embeddable":true,"href":"https:\/\/aecsv.com\/de\/wp-json\/wp\/v2\/users\/5"}],"replies":[{"embeddable":true,"href":"https:\/\/aecsv.com\/de\/wp-json\/wp\/v2\/comments?post=45524"}],"version-history":[{"count":0,"href":"https:\/\/aecsv.com\/de\/wp-json\/wp\/v2\/pages\/45524\/revisions"}],"wp:featuredmedia":[{"embeddable":true,"href":"https:\/\/aecsv.com\/de\/wp-json\/wp\/v2\/media\/46385"}],"wp:attachment":[{"href":"https:\/\/aecsv.com\/de\/wp-json\/wp\/v2\/media?parent=45524"}],"curies":[{"name":"wp","href":"https:\/\/api.w.org\/{rel}","templated":true}]}}