{"id":45540,"date":"2023-07-03T20:38:32","date_gmt":"2023-07-03T18:38:32","guid":{"rendered":"https:\/\/aecsv.com\/?page_id=45540"},"modified":"2024-07-05T16:58:36","modified_gmt":"2024-07-05T14:58:36","slug":"emissionen-verbrauch","status":"publish","type":"page","link":"https:\/\/aecsv.com\/de\/gmc-sierra-europe\/emissionen-verbrauch\/","title":{"rendered":"Emissionen &amp; Verbrauch"},"content":{"rendered":"<section class=\"wpb-content-wrapper\"><p>[vc_row][vc_column css=&#8220;.vc_custom_1681851183310{padding-top: 150px !important;padding-bottom: 50px !important;}&#8220;][vc_column_text]<\/p>\n<h1 style=\"text-align: center;\">Emissionen &amp; Verbrauchswerte<\/h1>\n<p>[\/vc_column_text][\/vc_column][\/vc_row][vc_row][vc_column][vc_column_text]<span style=\"font-size: 16px; font-style: normal; font-weight: 400;\">In dem Bem\u00fchen, der \u00d6ffentlichkeit vergleichbare Informationen zur Verf\u00fcgung zu stellen, hat die AECSV die folgende Tabelle erstellt, in der die Emissions- und Verbrauchswerte aufgef\u00fchrt sind.<\/span><\/p>\n<p>Die oben angegebenen Daten zum Kraftstoffverbrauch und zu den Emissionen sind lediglich Berechnungen und keine offiziell getesteten Daten im WLTP-Zyklus, in \u00dcbereinstimmung mit der Art der Homologation.<\/p>\n<p>Haben Sie Spa\u00df, fahren Sie verantwortungsbewusst.<\/p>\n<p><em><span style=\"font-size: 16px; font-weight: 400;\">Der tats\u00e4chliche Verbrauch und die Emissionen k\u00f6nnen je nach Ihrem Fahrstil von den unten aufgef\u00fchrten Werten abweichen. <\/span><\/em>[\/vc_column_text][vc_raw_html]PGRpdiBjbGFzcz0idGJsX3dyYXBvZXIiPgo8ZGl2IGNsYXNzPSJ0YmxfY29udGVudCI+Cjx0YWJsZSBjbGFzcz0id2x0cF90YWJsZSI+CjxjYXB0aW9uPiA8L2NhcHRpb24+Cjx0Ym9keT4KCjx0cj4KPHRoIGNsYXNzPSJib3JkZXItcmlnaHQiIGNvbHNwYW49IjEiPjwvdGg+Cjx0aCBjbGFzcz0iYm9yZGVyLXJpZ2h0IiBjb2xzcGFuPSIxIj5LcmFmdHN0b2ZmdmVyYnJhdWNoICBbbC8xMDBrbV08L3RoPgo8dGggY29sc3Bhbj0iMSI+Q08yICBbZy9rbV08L3RoPgo8L3RyPgoJCjx0cj4KPHRkIGNsYXNzPSJ0YmxfdG9wIj5TaWVycmEgQVQ0PC90ZD4KPHRkIGNsYXNzPSJ0YmxfdG9wIj4xNSw1TC8xMDBLTTwvdGQ+Cjx0ZCBjbGFzcz0idGJsX3RvcCI+MzY5IGcva208L3RkPgo8L3RyPgoJCjx0cj4KPHRkPlNpZXJyYSBEZW5hbGk8L3RkPgo8dGQ+MTUsNkwvMTAwS008L3RkPgo8dGQ+MzcyIGcva208L3RkPgo8L3RyPgoJCjwvdGJvZHk+CjwvdGFibGU+CjwvZGl2Pgo8L2Rpdj4=[\/vc_raw_html][\/vc_column][\/vc_row][vc_row][vc_column][vc_empty_space height=&#8220;100px&#8220;][\/vc_column][\/vc_row]<\/p>\n<\/section>","protected":false},"excerpt":{"rendered":"<p>[vc_row][vc_column css=&#8220;.vc_custom_1681851183310{padding-top: 150px !important;padding-bottom: 50px !important;}&#8220;][vc_column_text] Emissionen &amp; Verbrauchswerte [\/vc_column_text][\/vc_column][\/vc_row][vc_row][vc_column][vc_column_text]In dem Bem\u00fchen, der \u00d6ffentlichkeit vergleichbare Informationen zur Verf\u00fcgung zu stellen, hat die AECSV die folgende Tabelle erstellt, in der die Emissions- und Verbrauchswerte aufgef\u00fchrt sind. Die oben angegebenen Daten zum Kraftstoffverbrauch und zu den Emissionen sind lediglich Berechnungen und keine offiziell getesteten Daten im WLTP-Zyklus, &hellip;<\/p>\n<p class=\"read-more\"> <a class=\"\" href=\"https:\/\/aecsv.com\/de\/gmc-sierra-europe\/emissionen-verbrauch\/\"> <span class=\"screen-reader-text\">Emissionen &amp; Verbrauch<\/span> Weiterlesen &raquo;<\/a><\/p>\n","protected":false},"author":10,"featured_media":0,"parent":45539,"menu_order":0,"comment_status":"closed","ping_status":"closed","template":"","meta":{"site-sidebar-layout":"no-sidebar","site-content-layout":"plain-container","ast-global-header-display":"","ast-main-header-display":"","ast-hfb-above-header-display":"","ast-hfb-below-header-display":"","ast-hfb-mobile-header-display":"","site-post-title":"disabled","ast-breadcrumbs-content":"","ast-featured-img":"disabled","footer-sml-layout":"","theme-transparent-header-meta":"default","adv-header-id-meta":"","stick-header-meta":"default","header-above-stick-meta":"","header-main-stick-meta":"","header-below-stick-meta":"","footnotes":"","_wp_rev_ctl_limit":""},"class_list":["post-45540","page","type-page","status-publish","hentry"],"acf":[],"yoast_head":"<!-- This site is optimized with the Yoast SEO plugin v23.7 - https:\/\/yoast.com\/wordpress\/plugins\/seo\/ -->\n<title>Emissionen &amp; Verbrauch - AECSV<\/title>\n<meta name=\"robots\" content=\"index, follow, max-snippet:-1, max-image-preview:large, max-video-preview:-1\" \/>\n<link rel=\"canonical\" href=\"https:\/\/aecsv.com\/gmc-sierra-europe\/emissions-consumption\/\" \/>\n<meta property=\"og:locale\" content=\"de_DE\" \/>\n<meta property=\"og:type\" content=\"article\" \/>\n<meta property=\"og:title\" content=\"Emissionen &amp; Verbrauch - AECSV\" \/>\n<meta property=\"og:description\" content=\"[vc_row][vc_column css=&#8220;.vc_custom_1681851183310{padding-top: 150px !important;padding-bottom: 50px !important;}&#8220;][vc_column_text] Emissionen &amp; Verbrauchswerte [\/vc_column_text][\/vc_column][\/vc_row][vc_row][vc_column][vc_column_text]In dem Bem\u00fchen, der \u00d6ffentlichkeit vergleichbare Informationen zur Verf\u00fcgung zu stellen, hat die AECSV die folgende Tabelle erstellt, in der die Emissions- und Verbrauchswerte aufgef\u00fchrt sind. Die oben angegebenen Daten zum Kraftstoffverbrauch und zu den Emissionen sind lediglich Berechnungen und keine offiziell getesteten Daten im WLTP-Zyklus, &hellip; Emissionen &amp; Verbrauch Weiterlesen &raquo;\" \/>\n<meta property=\"og:url\" content=\"https:\/\/aecsv.com\/gmc-sierra-europe\/emissions-consumption\/\" \/>\n<meta property=\"og:site_name\" content=\"AECSV\" \/>\n<meta property=\"article:modified_time\" content=\"2024-07-05T14:58:36+00:00\" \/>\n<meta name=\"twitter:card\" content=\"summary_large_image\" \/>\n<meta name=\"twitter:label1\" content=\"Gesch\u00e4tzte Lesezeit\" \/>\n\t<meta name=\"twitter:data1\" content=\"1\u00a0Minute\" \/>\n<script type=\"application\/ld+json\" class=\"yoast-schema-graph\">{\"@context\":\"https:\/\/schema.org\",\"@graph\":[{\"@type\":\"WebPage\",\"@id\":\"https:\/\/aecsv.com\/gmc-sierra-europe\/emissions-consumption\/\",\"url\":\"https:\/\/aecsv.com\/gmc-sierra-europe\/emissions-consumption\/\",\"name\":\"Emissionen &amp; Verbrauch - AECSV\",\"isPartOf\":{\"@id\":\"https:\/\/aecsv.com\/#website\"},\"datePublished\":\"2023-07-03T18:38:32+00:00\",\"dateModified\":\"2024-07-05T14:58:36+00:00\",\"breadcrumb\":{\"@id\":\"https:\/\/aecsv.com\/gmc-sierra-europe\/emissions-consumption\/#breadcrumb\"},\"inLanguage\":\"de\",\"potentialAction\":[{\"@type\":\"ReadAction\",\"target\":[\"https:\/\/aecsv.com\/gmc-sierra-europe\/emissions-consumption\/\"]}]},{\"@type\":\"BreadcrumbList\",\"@id\":\"https:\/\/aecsv.com\/gmc-sierra-europe\/emissions-consumption\/#breadcrumb\",\"itemListElement\":[{\"@type\":\"ListItem\",\"position\":1,\"name\":\"Home\",\"item\":\"https:\/\/aecsv.com\/de\/\"},{\"@type\":\"ListItem\",\"position\":2,\"name\":\"GMC Sierra Europa Startseite\",\"item\":\"https:\/\/aecsv.com\/de\/gmc-sierra-europe\/\"},{\"@type\":\"ListItem\",\"position\":3,\"name\":\"Emissionen &amp; Verbrauch\"}]},{\"@type\":\"WebSite\",\"@id\":\"https:\/\/aecsv.com\/#website\",\"url\":\"https:\/\/aecsv.com\/\",\"name\":\"AECSV\",\"description\":\"Official Importer of Chevrolet, GMC and Cadillac Vehicles in Europe\",\"publisher\":{\"@id\":\"https:\/\/aecsv.com\/#organization\"},\"potentialAction\":[{\"@type\":\"SearchAction\",\"target\":{\"@type\":\"EntryPoint\",\"urlTemplate\":\"https:\/\/aecsv.com\/?s={search_term_string}\"},\"query-input\":{\"@type\":\"PropertyValueSpecification\",\"valueRequired\":true,\"valueName\":\"search_term_string\"}}],\"inLanguage\":\"de\"},{\"@type\":\"Organization\",\"@id\":\"https:\/\/aecsv.com\/#organization\",\"name\":\"AECSV\",\"url\":\"https:\/\/aecsv.com\/\",\"logo\":{\"@type\":\"ImageObject\",\"inLanguage\":\"de\",\"@id\":\"https:\/\/aecsv.com\/#\/schema\/logo\/image\/\",\"url\":\"https:\/\/aecsv.com\/wp-content\/uploads\/2022\/07\/aec-sv-logo-cropped.svg\",\"contentUrl\":\"https:\/\/aecsv.com\/wp-content\/uploads\/2022\/07\/aec-sv-logo-cropped.svg\",\"width\":1657,\"height\":716,\"caption\":\"AECSV\"},\"image\":{\"@id\":\"https:\/\/aecsv.com\/#\/schema\/logo\/image\/\"}}]}<\/script>\n<!-- \/ Yoast SEO plugin. -->","yoast_head_json":{"title":"Emissionen &amp; Verbrauch - AECSV","robots":{"index":"index","follow":"follow","max-snippet":"max-snippet:-1","max-image-preview":"max-image-preview:large","max-video-preview":"max-video-preview:-1"},"canonical":"https:\/\/aecsv.com\/gmc-sierra-europe\/emissions-consumption\/","og_locale":"de_DE","og_type":"article","og_title":"Emissionen &amp; Verbrauch - AECSV","og_description":"[vc_row][vc_column css=&#8220;.vc_custom_1681851183310{padding-top: 150px !important;padding-bottom: 50px !important;}&#8220;][vc_column_text] Emissionen &amp; Verbrauchswerte [\/vc_column_text][\/vc_column][\/vc_row][vc_row][vc_column][vc_column_text]In dem Bem\u00fchen, der \u00d6ffentlichkeit vergleichbare Informationen zur Verf\u00fcgung zu stellen, hat die AECSV die folgende Tabelle erstellt, in der die Emissions- und Verbrauchswerte aufgef\u00fchrt sind. Die oben angegebenen Daten zum Kraftstoffverbrauch und zu den Emissionen sind lediglich Berechnungen und keine offiziell getesteten Daten im WLTP-Zyklus, &hellip; Emissionen &amp; Verbrauch Weiterlesen &raquo;","og_url":"https:\/\/aecsv.com\/gmc-sierra-europe\/emissions-consumption\/","og_site_name":"AECSV","article_modified_time":"2024-07-05T14:58:36+00:00","twitter_card":"summary_large_image","twitter_misc":{"Gesch\u00e4tzte Lesezeit":"1\u00a0Minute"},"schema":{"@context":"https:\/\/schema.org","@graph":[{"@type":"WebPage","@id":"https:\/\/aecsv.com\/gmc-sierra-europe\/emissions-consumption\/","url":"https:\/\/aecsv.com\/gmc-sierra-europe\/emissions-consumption\/","name":"Emissionen &amp; Verbrauch - AECSV","isPartOf":{"@id":"https:\/\/aecsv.com\/#website"},"datePublished":"2023-07-03T18:38:32+00:00","dateModified":"2024-07-05T14:58:36+00:00","breadcrumb":{"@id":"https:\/\/aecsv.com\/gmc-sierra-europe\/emissions-consumption\/#breadcrumb"},"inLanguage":"de","potentialAction":[{"@type":"ReadAction","target":["https:\/\/aecsv.com\/gmc-sierra-europe\/emissions-consumption\/"]}]},{"@type":"BreadcrumbList","@id":"https:\/\/aecsv.com\/gmc-sierra-europe\/emissions-consumption\/#breadcrumb","itemListElement":[{"@type":"ListItem","position":1,"name":"Home","item":"https:\/\/aecsv.com\/de\/"},{"@type":"ListItem","position":2,"name":"GMC Sierra Europa Startseite","item":"https:\/\/aecsv.com\/de\/gmc-sierra-europe\/"},{"@type":"ListItem","position":3,"name":"Emissionen &amp; Verbrauch"}]},{"@type":"WebSite","@id":"https:\/\/aecsv.com\/#website","url":"https:\/\/aecsv.com\/","name":"AECSV","description":"Official Importer of Chevrolet, GMC and Cadillac Vehicles in Europe","publisher":{"@id":"https:\/\/aecsv.com\/#organization"},"potentialAction":[{"@type":"SearchAction","target":{"@type":"EntryPoint","urlTemplate":"https:\/\/aecsv.com\/?s={search_term_string}"},"query-input":{"@type":"PropertyValueSpecification","valueRequired":true,"valueName":"search_term_string"}}],"inLanguage":"de"},{"@type":"Organization","@id":"https:\/\/aecsv.com\/#organization","name":"AECSV","url":"https:\/\/aecsv.com\/","logo":{"@type":"ImageObject","inLanguage":"de","@id":"https:\/\/aecsv.com\/#\/schema\/logo\/image\/","url":"https:\/\/aecsv.com\/wp-content\/uploads\/2022\/07\/aec-sv-logo-cropped.svg","contentUrl":"https:\/\/aecsv.com\/wp-content\/uploads\/2022\/07\/aec-sv-logo-cropped.svg","width":1657,"height":716,"caption":"AECSV"},"image":{"@id":"https:\/\/aecsv.com\/#\/schema\/logo\/image\/"}}]}},"_links":{"self":[{"href":"https:\/\/aecsv.com\/de\/wp-json\/wp\/v2\/pages\/45540","targetHints":{"allow":["GET"]}}],"collection":[{"href":"https:\/\/aecsv.com\/de\/wp-json\/wp\/v2\/pages"}],"about":[{"href":"https:\/\/aecsv.com\/de\/wp-json\/wp\/v2\/types\/page"}],"author":[{"embeddable":true,"href":"https:\/\/aecsv.com\/de\/wp-json\/wp\/v2\/users\/10"}],"replies":[{"embeddable":true,"href":"https:\/\/aecsv.com\/de\/wp-json\/wp\/v2\/comments?post=45540"}],"version-history":[{"count":0,"href":"https:\/\/aecsv.com\/de\/wp-json\/wp\/v2\/pages\/45540\/revisions"}],"up":[{"embeddable":true,"href":"https:\/\/aecsv.com\/de\/wp-json\/wp\/v2\/pages\/45539"}],"wp:attachment":[{"href":"https:\/\/aecsv.com\/de\/wp-json\/wp\/v2\/media?parent=45540"}],"curies":[{"name":"wp","href":"https:\/\/api.w.org\/{rel}","templated":true}]}}