{"id":45542,"date":"2023-07-03T12:27:38","date_gmt":"2023-07-03T10:27:38","guid":{"rendered":"https:\/\/aecsv.com\/?page_id=45542"},"modified":"2024-07-18T10:33:41","modified_gmt":"2024-07-18T08:33:41","slug":"faq","status":"publish","type":"page","link":"https:\/\/aecsv.com\/de\/faq\/","title":{"rendered":"FAQ"},"content":{"rendered":"<section class=\"wpb-content-wrapper\"><p>[vc_row][vc_column][vc_column_text css=&#8220;.vc_custom_1688464090863{margin-top: 100px !important;margin-bottom: 50px !important;}&#8220;]<\/p>\n<h1 style=\"text-align: center;\">H\u00e4ufig gestellte Fragen (FAQ)<\/h1>\n<p>[\/vc_column_text][vc_column_text css=&#8220;.vc_custom_1721291607302{margin-bottom: 100px !important;}&#8220;]<strong>Wo kann ich eine Probefahrt mit einem GM-Fahrzeug machen?<\/strong><br \/>\nAECSV verwaltet ein Netzwerk zertifizierter GM-Einzelh\u00e4ndler in Europa, die \u00fcber die <a href=\"https:\/\/aecsv.com\/de\/haendlersuche\/\">AECSV-H\u00e4ndlersuche<\/a> gefunden werden k\u00f6nnen. GM-H\u00e4ndler k\u00f6nnen f\u00fcr Probefahrttermine f\u00fcr Chevrolet-, Cadillac- und GMC-Fahrzeuge kontaktiert werden und erstellen jederzeit Angebote f\u00fcr Kaufinteressenten.<\/p>\n<p><strong>Wo in Europa kann ich mein GM-Fahrzeug warten lassen?<\/strong><br \/>\nDie Vertragspartner des AECSV-Einzelhandelsnetzwerks in ganz Europa sind zertifizierte GM-Servicebetriebe, die sicherstellen, dass alle Servicekunden dieser exklusiven Marken in angemessener Entfernung zu ihrem Wohnort bedient werden k\u00f6nnen. Alternativ k\u00f6nnen Kunden ihre Fahrzeuge auch bei jedem offiziellen GM Heritage Servicepartner warten lassen.<\/p>\n<p><strong>Sind GM Fahrzeuge \u00fcber AECSV auch mit LPG oder E85 Bioethanol System verf\u00fcgbar?<\/strong><br \/>\nModelle aller drei Marken, die mit dem 6,2-Liter-Benzinmotor ausgestattet sind, sind bei AECSV-H\u00e4ndlern mit von AECSV entwickelter LPG- oder E85-Flexfuel-Umr\u00fcstung erh\u00e4ltlich, die einen flexiblen Betrieb mit LPG\/E85-Kraftstoff erm\u00f6glichen. Dazu geh\u00f6ren: Chevrolet Silverado &amp; Suburban, GMC Sierra &amp; Yukon und Cadillac Escalade.<\/p>\n<p><strong>Wo kann ich GM Teile &amp; Zubeh\u00f6r kaufen und sehen, was verf\u00fcgbar ist?<\/strong><br \/>\nTeile und Zubeh\u00f6r sind bei allen offiziellen AECSV-H\u00e4ndlern erh\u00e4ltlich. AECSV-H\u00e4ndler haben Zugang zum europ\u00e4ischen Zentrallager der AEC Group, um eine schnelle Lieferung zu erm\u00f6glichen.<\/p>\n<p><strong>Wo kann ich offiziell lizenzierte GM-Artikel kaufen?<\/strong><br \/>\nIm Moment ist die einzige M\u00f6glichkeit offizielles GM-Merchandise kaufen der Onlineshop <a href=\"https:\/\/www.gmcompanystore.com\/\" target=\"_blank\" rel=\"noopener\">https:\/\/www.gmcompanystore.com\/.<\/a><\/p>\n<p><strong>Ich bin daran interessiert, AECSV-H\u00e4ndler zu werden. Mit wem kann ich sprechen?<\/strong><br \/>\nGro\u00dfartig! Nehmen Sie Kontakt mit unserem Team via <a href=\"mailto:contact@AECSV.com\">contact@AECSV.com<\/a> auf.<\/p>\n<p><strong>Ich m\u00f6chte ein AECSV-Partner werden. Wen kann ich kontaktieren?<\/strong><br \/>\nDas freut uns zu h\u00f6ren! Bitte kontaktieren Sie unser Team via <a href=\"mailto:contact@AECSV.com\">contact@AECSV.com.<\/a><\/p>\n<p><strong>Haben Sie offene Stellen bei AECSV, die ich mir ansehen kann?<\/strong><br \/>\nJa! Bitte besuchen Sie die <a href=\"https:\/\/www.aecsolutions.com\/career\/\">AEC Solutions-Website f\u00fcr alle offenen Stellen innerhalb der AEC Group<\/a>.<\/p>\n<p><strong>Wird AECSV einen Teil der neuen EV-Produktpalette von GM nutzen?<\/strong><br \/>\nDerzeit gibt es keine derartigen Pl\u00e4ne und wir freuen uns sehr \u00fcber die erfolgreiche Einf\u00fchrung der GM ICE-Reihe auf dem europ\u00e4ischen Markt.<\/p>\n<p><strong>Ist AECSV Teil der AEC Group?<\/strong><br \/>\nJa, AECSV ist eine Tochtergesellschaft der AEC Group, einer Gruppe von mehreren Privatunternehmen, die sich auf die Entwicklung von ma\u00dfgeschneiderten L\u00f6sungen f\u00fcr die Automobilindustrie spezialisiert haben.<\/p>\n<p><strong>Wo hat die AECSV ihren Sitz?<\/strong><br \/>\nAECSV hat seinen Sitz in St. Catharines, Kanada, an der Grenze zu Michigan, USA, und verf\u00fcgt \u00fcber mehrere Niederlassungen in Europa.[\/vc_column_text][\/vc_column][\/vc_row]<\/p>\n<\/section>","protected":false},"excerpt":{"rendered":"<p>[vc_row][vc_column][vc_column_text css=&#8220;.vc_custom_1688464090863{margin-top: 100px !important;margin-bottom: 50px !important;}&#8220;] H\u00e4ufig gestellte Fragen (FAQ) [\/vc_column_text][vc_column_text css=&#8220;.vc_custom_1721291607302{margin-bottom: 100px !important;}&#8220;]Wo kann ich eine Probefahrt mit einem GM-Fahrzeug machen? AECSV verwaltet ein Netzwerk zertifizierter GM-Einzelh\u00e4ndler in Europa, die \u00fcber die AECSV-H\u00e4ndlersuche gefunden werden k\u00f6nnen. GM-H\u00e4ndler k\u00f6nnen f\u00fcr Probefahrttermine f\u00fcr Chevrolet-, Cadillac- und GMC-Fahrzeuge kontaktiert werden und erstellen jederzeit Angebote f\u00fcr Kaufinteressenten. Wo &hellip;<\/p>\n<p class=\"read-more\"> <a class=\"\" href=\"https:\/\/aecsv.com\/de\/faq\/\"> <span class=\"screen-reader-text\">FAQ<\/span> Weiterlesen &raquo;<\/a><\/p>\n","protected":false},"author":10,"featured_media":0,"parent":0,"menu_order":0,"comment_status":"closed","ping_status":"closed","template":"","meta":{"site-sidebar-layout":"no-sidebar","site-content-layout":"plain-container","ast-global-header-display":"","ast-main-header-display":"","ast-hfb-above-header-display":"","ast-hfb-below-header-display":"","ast-hfb-mobile-header-display":"","site-post-title":"disabled","ast-breadcrumbs-content":"","ast-featured-img":"disabled","footer-sml-layout":"","theme-transparent-header-meta":"default","adv-header-id-meta":"","stick-header-meta":"default","header-above-stick-meta":"","header-main-stick-meta":"","header-below-stick-meta":"","footnotes":"","_wp_rev_ctl_limit":""},"class_list":["post-45542","page","type-page","status-publish","hentry"],"acf":[],"yoast_head":"<!-- This site is optimized with the Yoast SEO plugin v23.7 - https:\/\/yoast.com\/wordpress\/plugins\/seo\/ -->\n<title>FAQ - AECSV<\/title>\n<meta name=\"robots\" content=\"index, follow, max-snippet:-1, max-image-preview:large, max-video-preview:-1\" \/>\n<link rel=\"canonical\" href=\"https:\/\/aecsv.com\/faq\/\" \/>\n<meta property=\"og:locale\" content=\"de_DE\" \/>\n<meta property=\"og:type\" content=\"article\" \/>\n<meta property=\"og:title\" content=\"FAQ - AECSV\" \/>\n<meta property=\"og:description\" content=\"[vc_row][vc_column][vc_column_text css=&#8220;.vc_custom_1688464090863{margin-top: 100px !important;margin-bottom: 50px !important;}&#8220;] H\u00e4ufig gestellte Fragen (FAQ) [\/vc_column_text][vc_column_text css=&#8220;.vc_custom_1721291607302{margin-bottom: 100px !important;}&#8220;]Wo kann ich eine Probefahrt mit einem GM-Fahrzeug machen? AECSV verwaltet ein Netzwerk zertifizierter GM-Einzelh\u00e4ndler in Europa, die \u00fcber die AECSV-H\u00e4ndlersuche gefunden werden k\u00f6nnen. GM-H\u00e4ndler k\u00f6nnen f\u00fcr Probefahrttermine f\u00fcr Chevrolet-, Cadillac- und GMC-Fahrzeuge kontaktiert werden und erstellen jederzeit Angebote f\u00fcr Kaufinteressenten. Wo &hellip; FAQ Weiterlesen &raquo;\" \/>\n<meta property=\"og:url\" content=\"https:\/\/aecsv.com\/faq\/\" \/>\n<meta property=\"og:site_name\" content=\"AECSV\" \/>\n<meta property=\"article:modified_time\" content=\"2024-07-18T08:33:41+00:00\" \/>\n<meta name=\"twitter:card\" content=\"summary_large_image\" \/>\n<meta name=\"twitter:label1\" content=\"Gesch\u00e4tzte Lesezeit\" \/>\n\t<meta name=\"twitter:data1\" content=\"2\u00a0Minuten\" \/>\n<script type=\"application\/ld+json\" class=\"yoast-schema-graph\">{\"@context\":\"https:\/\/schema.org\",\"@graph\":[{\"@type\":\"WebPage\",\"@id\":\"https:\/\/aecsv.com\/faq\/\",\"url\":\"https:\/\/aecsv.com\/faq\/\",\"name\":\"FAQ - AECSV\",\"isPartOf\":{\"@id\":\"https:\/\/aecsv.com\/#website\"},\"datePublished\":\"2023-07-03T10:27:38+00:00\",\"dateModified\":\"2024-07-18T08:33:41+00:00\",\"breadcrumb\":{\"@id\":\"https:\/\/aecsv.com\/faq\/#breadcrumb\"},\"inLanguage\":\"de\",\"potentialAction\":[{\"@type\":\"ReadAction\",\"target\":[\"https:\/\/aecsv.com\/faq\/\"]}]},{\"@type\":\"BreadcrumbList\",\"@id\":\"https:\/\/aecsv.com\/faq\/#breadcrumb\",\"itemListElement\":[{\"@type\":\"ListItem\",\"position\":1,\"name\":\"Home\",\"item\":\"https:\/\/aecsv.com\/de\/\"},{\"@type\":\"ListItem\",\"position\":2,\"name\":\"FAQ\"}]},{\"@type\":\"WebSite\",\"@id\":\"https:\/\/aecsv.com\/#website\",\"url\":\"https:\/\/aecsv.com\/\",\"name\":\"AECSV\",\"description\":\"Official Importer of Chevrolet, GMC and Cadillac Vehicles in Europe\",\"publisher\":{\"@id\":\"https:\/\/aecsv.com\/#organization\"},\"potentialAction\":[{\"@type\":\"SearchAction\",\"target\":{\"@type\":\"EntryPoint\",\"urlTemplate\":\"https:\/\/aecsv.com\/?s={search_term_string}\"},\"query-input\":{\"@type\":\"PropertyValueSpecification\",\"valueRequired\":true,\"valueName\":\"search_term_string\"}}],\"inLanguage\":\"de\"},{\"@type\":\"Organization\",\"@id\":\"https:\/\/aecsv.com\/#organization\",\"name\":\"AECSV\",\"url\":\"https:\/\/aecsv.com\/\",\"logo\":{\"@type\":\"ImageObject\",\"inLanguage\":\"de\",\"@id\":\"https:\/\/aecsv.com\/#\/schema\/logo\/image\/\",\"url\":\"https:\/\/aecsv.com\/wp-content\/uploads\/2022\/07\/aec-sv-logo-cropped.svg\",\"contentUrl\":\"https:\/\/aecsv.com\/wp-content\/uploads\/2022\/07\/aec-sv-logo-cropped.svg\",\"width\":1657,\"height\":716,\"caption\":\"AECSV\"},\"image\":{\"@id\":\"https:\/\/aecsv.com\/#\/schema\/logo\/image\/\"}}]}<\/script>\n<!-- \/ Yoast SEO plugin. -->","yoast_head_json":{"title":"FAQ - AECSV","robots":{"index":"index","follow":"follow","max-snippet":"max-snippet:-1","max-image-preview":"max-image-preview:large","max-video-preview":"max-video-preview:-1"},"canonical":"https:\/\/aecsv.com\/faq\/","og_locale":"de_DE","og_type":"article","og_title":"FAQ - AECSV","og_description":"[vc_row][vc_column][vc_column_text css=&#8220;.vc_custom_1688464090863{margin-top: 100px !important;margin-bottom: 50px !important;}&#8220;] H\u00e4ufig gestellte Fragen (FAQ) [\/vc_column_text][vc_column_text css=&#8220;.vc_custom_1721291607302{margin-bottom: 100px !important;}&#8220;]Wo kann ich eine Probefahrt mit einem GM-Fahrzeug machen? AECSV verwaltet ein Netzwerk zertifizierter GM-Einzelh\u00e4ndler in Europa, die \u00fcber die AECSV-H\u00e4ndlersuche gefunden werden k\u00f6nnen. GM-H\u00e4ndler k\u00f6nnen f\u00fcr Probefahrttermine f\u00fcr Chevrolet-, Cadillac- und GMC-Fahrzeuge kontaktiert werden und erstellen jederzeit Angebote f\u00fcr Kaufinteressenten. Wo &hellip; FAQ Weiterlesen &raquo;","og_url":"https:\/\/aecsv.com\/faq\/","og_site_name":"AECSV","article_modified_time":"2024-07-18T08:33:41+00:00","twitter_card":"summary_large_image","twitter_misc":{"Gesch\u00e4tzte Lesezeit":"2\u00a0Minuten"},"schema":{"@context":"https:\/\/schema.org","@graph":[{"@type":"WebPage","@id":"https:\/\/aecsv.com\/faq\/","url":"https:\/\/aecsv.com\/faq\/","name":"FAQ - AECSV","isPartOf":{"@id":"https:\/\/aecsv.com\/#website"},"datePublished":"2023-07-03T10:27:38+00:00","dateModified":"2024-07-18T08:33:41+00:00","breadcrumb":{"@id":"https:\/\/aecsv.com\/faq\/#breadcrumb"},"inLanguage":"de","potentialAction":[{"@type":"ReadAction","target":["https:\/\/aecsv.com\/faq\/"]}]},{"@type":"BreadcrumbList","@id":"https:\/\/aecsv.com\/faq\/#breadcrumb","itemListElement":[{"@type":"ListItem","position":1,"name":"Home","item":"https:\/\/aecsv.com\/de\/"},{"@type":"ListItem","position":2,"name":"FAQ"}]},{"@type":"WebSite","@id":"https:\/\/aecsv.com\/#website","url":"https:\/\/aecsv.com\/","name":"AECSV","description":"Official Importer of Chevrolet, GMC and Cadillac Vehicles in Europe","publisher":{"@id":"https:\/\/aecsv.com\/#organization"},"potentialAction":[{"@type":"SearchAction","target":{"@type":"EntryPoint","urlTemplate":"https:\/\/aecsv.com\/?s={search_term_string}"},"query-input":{"@type":"PropertyValueSpecification","valueRequired":true,"valueName":"search_term_string"}}],"inLanguage":"de"},{"@type":"Organization","@id":"https:\/\/aecsv.com\/#organization","name":"AECSV","url":"https:\/\/aecsv.com\/","logo":{"@type":"ImageObject","inLanguage":"de","@id":"https:\/\/aecsv.com\/#\/schema\/logo\/image\/","url":"https:\/\/aecsv.com\/wp-content\/uploads\/2022\/07\/aec-sv-logo-cropped.svg","contentUrl":"https:\/\/aecsv.com\/wp-content\/uploads\/2022\/07\/aec-sv-logo-cropped.svg","width":1657,"height":716,"caption":"AECSV"},"image":{"@id":"https:\/\/aecsv.com\/#\/schema\/logo\/image\/"}}]}},"_links":{"self":[{"href":"https:\/\/aecsv.com\/de\/wp-json\/wp\/v2\/pages\/45542","targetHints":{"allow":["GET"]}}],"collection":[{"href":"https:\/\/aecsv.com\/de\/wp-json\/wp\/v2\/pages"}],"about":[{"href":"https:\/\/aecsv.com\/de\/wp-json\/wp\/v2\/types\/page"}],"author":[{"embeddable":true,"href":"https:\/\/aecsv.com\/de\/wp-json\/wp\/v2\/users\/10"}],"replies":[{"embeddable":true,"href":"https:\/\/aecsv.com\/de\/wp-json\/wp\/v2\/comments?post=45542"}],"version-history":[{"count":0,"href":"https:\/\/aecsv.com\/de\/wp-json\/wp\/v2\/pages\/45542\/revisions"}],"wp:attachment":[{"href":"https:\/\/aecsv.com\/de\/wp-json\/wp\/v2\/media?parent=45542"}],"curies":[{"name":"wp","href":"https:\/\/api.w.org\/{rel}","templated":true}]}}